{"id":10,"date":"2025-09-22T10:09:56","date_gmt":"2025-09-22T10:09:56","guid":{"rendered":"https:\/\/heleade.iuii.ua.es\/?page_id=10"},"modified":"2025-10-03T07:44:23","modified_gmt":"2025-10-03T07:44:23","slug":"heleade","status":"publish","type":"page","link":"https:\/\/heleade.iuii.ua.es\/index.php\/heleade\/","title":{"rendered":"HELEADE"},"content":{"rendered":"\n<div class=\"wp-block-group alignwide has-global-padding is-layout-constrained wp-block-group-is-layout-constrained\">\n<h2 class=\"wp-block-heading has-text-align-center\"><strong>Objetivos del proyecto<\/strong><\/h2>\n\n\n\n<div class=\"wp-block-group alignwide row-responsive-reverse is-content-justification-space-between is-nowrap is-layout-flex wp-container-core-group-is-layout-2b43bde3 wp-block-group-is-layout-flex\" style=\"padding-top:0;padding-bottom:0\">\n<div class=\"wp-block-group has-global-padding is-layout-constrained wp-container-core-group-is-layout-aa338822 wp-block-group-is-layout-constrained\" style=\"border-radius:20px;border-left-color:#25ae96;border-left-width:5px;padding-right:var(--wp--preset--spacing--20);padding-left:var(--wp--preset--spacing--20)\">\n<p class=\"is-style-default\" style=\"font-size:clamp(0.875rem, 0.875rem + ((1vw - 0.2rem) * 0.708), 1.3rem);\"><strong>Heleade<\/strong> busca implementar soluciones de <strong>intercambio y explotaci\u00f3n de datos<\/strong> en entornos de alto valor ambiental, centr\u00e1ndose en los <strong>Parques Naturales del Sur de Alicante<\/strong>. El objetivo es crear un ecosistema socio-econ\u00f3mico sostenible, donde diversos actores como instituciones, empresas y cient\u00edficos puedan colaborar y compartir datos de manera eficiente. Esto no solo facilitar\u00e1 la creaci\u00f3n de nuevos servicios y productos, sino que tambi\u00e9n promover\u00e1 la conciencia sobre la importancia de la <strong>econom\u00eda del dato<\/strong> y su papel en la resoluci\u00f3n de problemas socio-ambientales.<\/p>\n<\/div>\n\n\n\n<div class=\"wp-block-group has-global-padding is-layout-constrained wp-block-group-is-layout-constrained\">\n<figure class=\"wp-block-image size-large is-resized\"><img fetchpriority=\"high\" decoding=\"async\" width=\"995\" height=\"1024\" src=\"https:\/\/heleade.iuii.ua.es\/wp-content\/uploads\/2025\/09\/HELEADE-Logo-negro-995x1024.png\" alt=\"\" class=\"wp-image-57\" style=\"width:225px;height:auto\" srcset=\"https:\/\/heleade.iuii.ua.es\/wp-content\/uploads\/2025\/09\/HELEADE-Logo-negro-995x1024.png 995w, https:\/\/heleade.iuii.ua.es\/wp-content\/uploads\/2025\/09\/HELEADE-Logo-negro-291x300.png 291w, https:\/\/heleade.iuii.ua.es\/wp-content\/uploads\/2025\/09\/HELEADE-Logo-negro-768x790.png 768w, https:\/\/heleade.iuii.ua.es\/wp-content\/uploads\/2025\/09\/HELEADE-Logo-negro-1492x1536.png 1492w, https:\/\/heleade.iuii.ua.es\/wp-content\/uploads\/2025\/09\/HELEADE-Logo-negro.png 1508w\" sizes=\"(max-width: 995px) 100vw, 995px\" \/><\/figure>\n<\/div>\n<\/div>\n\n\n\n<div style=\"height:20px\" aria-hidden=\"true\" class=\"wp-block-spacer\"><\/div>\n\n\n\n<div class=\"wp-block-group alignwide row-responsive is-content-justification-space-between is-nowrap is-layout-flex wp-container-core-group-is-layout-809edb75 wp-block-group-is-layout-flex\">\n<div class=\"wp-block-group is-style-section-2 scale-2 has-base-2-background-color has-background wp-container-content-69bc4bdf has-global-padding is-layout-constrained wp-container-core-group-is-layout-329fe32d wp-block-group-is-layout-constrained\" style=\"border-radius:30px;padding-top:0;padding-right:var(--wp--preset--spacing--30);padding-bottom:var(--wp--preset--spacing--20);padding-left:var(--wp--preset--spacing--30);box-shadow:var(--wp--preset--shadow--natural)\">\n<h4 class=\"wp-block-heading alignfull has-text-align-left is-style-default has-gradient-1-gradient-background has-background\" style=\"border-top-left-radius:30px;border-top-right-radius:30px;font-size:clamp(0.875rem, 0.875rem + ((1vw - 0.2rem) * 0.708), 1.3rem);\"><strong>Dise\u00f1o y desarrollo de un espacio de datos<\/strong><\/h4>\n\n\n\n<p class=\"has-text-align-left has-medium-font-size\">Crear una plataforma de datos ambientales para los Parques Naturales del Sur de Alicante, donde los actores clave puedan <strong>compartir datos de forma sencilla y eficiente<\/strong>, siguiendo los principios FAIR (F\u00e1cil de Encontrar, Accesible, Interoperable, Reutilizable).<\/p>\n<\/div>\n\n\n\n<div class=\"wp-block-group scale-2 is-style-default has-background has-global-padding is-layout-constrained wp-container-core-group-is-layout-7c5705e7 wp-block-group-is-layout-constrained\" style=\"border-radius:30px;border-left-color:var(--wp--preset--color--accent-4);border-left-width:5px;background-color:#ffffff;min-height:0px;padding-top:var(--wp--preset--spacing--20);padding-right:var(--wp--preset--spacing--30);padding-bottom:var(--wp--preset--spacing--20);padding-left:var(--wp--preset--spacing--30)\">\n<h4 class=\"wp-block-heading has-text-align-left\" style=\"font-size:clamp(0.875rem, 0.875rem + ((1vw - 0.2rem) * 0.708), 1.3rem);\"><strong>Establecimiento de un modelo de gobernanza<\/strong><\/h4>\n\n\n\n<p class=\"has-text-align-left has-medium-font-size\">Establecer las normas y decisiones necesarias para una <strong>gesti\u00f3n \u00f3ptima del espacio de datos<\/strong>, garantizando que los participantes puedan intercambiar recursos de manera fluida en los niveles legal, organizativo, sem\u00e1ntico y t\u00e9cnico.<\/p>\n<\/div>\n<\/div>\n\n\n\n<div style=\"height:30px\" aria-hidden=\"true\" class=\"wp-block-spacer\"><\/div>\n\n\n\n<div class=\"wp-block-group alignwide row-responsive is-content-justification-space-between is-nowrap is-layout-flex wp-container-core-group-is-layout-809edb75 wp-block-group-is-layout-flex\">\n<div class=\"wp-block-group is-style-section-2 scale-2 has-base-2-background-color has-background wp-container-content-69bc4bdf has-global-padding is-layout-constrained wp-container-core-group-is-layout-f6e14993 wp-block-group-is-layout-constrained\" style=\"border-radius:30px;padding-top:0;padding-right:var(--wp--preset--spacing--30);padding-bottom:var(--wp--preset--spacing--20);padding-left:var(--wp--preset--spacing--30);box-shadow:var(--wp--preset--shadow--natural)\">\n<h4 class=\"wp-block-heading alignfull has-text-align-left has-accent-background-color has-background\" style=\"border-top-left-radius:30px;border-top-right-radius:30px;font-size:clamp(0.875rem, 0.875rem + ((1vw - 0.2rem) * 0.708), 1.3rem);\"><strong>Implementaci\u00f3n de servicios de datos<\/strong><\/h4>\n\n\n\n<p class=\"has-text-align-left has-medium-font-size\">Implementaci\u00f3n de diferentes <strong>servicios de producci\u00f3n y consumo de datos<\/strong>, con el fin de desarrollar nuevos <strong>productos y servicios innovadores<\/strong> que fomenten el desarrollo de <strong>actividades socioecon\u00f3micas sostenibles<\/strong> y <strong>respetuosas con el medio ambiente<\/strong><\/p>\n<\/div>\n\n\n\n<div class=\"wp-block-group is-style-section-2 has-background has-global-padding is-layout-constrained wp-container-core-group-is-layout-594587f7 wp-block-group-is-layout-constrained\" style=\"border-radius:30px;border-left-color:var(--wp--preset--color--accent);border-left-width:5px;background-color:#fefefe;padding-top:var(--wp--preset--spacing--20);padding-right:var(--wp--preset--spacing--30);padding-bottom:var(--wp--preset--spacing--20);padding-left:var(--wp--preset--spacing--30)\">\n<h4 class=\"wp-block-heading has-text-align-left\" style=\"font-size:clamp(0.875rem, 0.875rem + ((1vw - 0.2rem) * 0.708), 1.3rem);\"><strong>Desarrollo de casos de uso<\/strong><\/h4>\n\n\n\n<p class=\"has-text-align-left has-medium-font-size\">Identificar y desarrollar <strong>proyectos espec\u00edficos<\/strong> que resuelvan problemas reales de los participantes. Esto asegura que la plataforma de datos sea \u00fatil y genere valor concreto para los actores involucrados.<\/p>\n<\/div>\n<\/div>\n\n\n\n<div style=\"height:30px\" aria-hidden=\"true\" class=\"wp-block-spacer\"><\/div>\n\n\n\n<div class=\"wp-block-group alignwide row-responsive is-content-justification-space-between is-nowrap is-layout-flex wp-container-core-group-is-layout-809edb75 wp-block-group-is-layout-flex\">\n<div class=\"wp-block-group is-style-section-2 scale-2 has-base-2-background-color has-background wp-container-content-69bc4bdf has-global-padding is-layout-constrained wp-container-core-group-is-layout-329fe32d wp-block-group-is-layout-constrained\" style=\"border-radius:30px;padding-top:0;padding-right:var(--wp--preset--spacing--30);padding-bottom:var(--wp--preset--spacing--20);padding-left:var(--wp--preset--spacing--30);box-shadow:var(--wp--preset--shadow--natural)\">\n<h4 class=\"wp-block-heading alignfull has-text-align-left has-accent-2-background-color has-background\" style=\"border-top-left-radius:30px;border-top-right-radius:30px;font-size:clamp(0.875rem, 0.875rem + ((1vw - 0.2rem) * 0.708), 1.3rem);\"><strong>Conexi\u00f3n con iniciativas europeas<\/strong><\/h4>\n\n\n\n<p class=\"has-text-align-left has-medium-font-size\">Integrar el proyecto con otras <strong>iniciativas de datos a nivel europeo<\/strong>, como el Green Deal. Esto permite alinear el trabajo con los objetivos de la Estrategia Europea de Datos y colaborar con plataformas similares.<\/p>\n<\/div>\n\n\n\n<div class=\"wp-block-group scale-2 is-style-default has-background has-global-padding is-layout-constrained wp-container-core-group-is-layout-7c5705e7 wp-block-group-is-layout-constrained\" style=\"border-radius:30px;border-left-color:var(--wp--preset--color--accent-4);border-left-width:5px;background-color:#ffffff;min-height:0px;padding-top:var(--wp--preset--spacing--20);padding-right:var(--wp--preset--spacing--30);padding-bottom:var(--wp--preset--spacing--20);padding-left:var(--wp--preset--spacing--30)\">\n<h4 class=\"wp-block-heading has-text-align-left\" style=\"font-size:clamp(0.875rem, 0.875rem + ((1vw - 0.2rem) * 0.708), 1.3rem);\"><strong>Implementaci\u00f3n de servicios de datos<\/strong><\/h4>\n\n\n\n<p class=\"has-text-align-left has-medium-font-size\">Publicar y compartir de manera abierta los <strong>resultados y el conocimiento adquirido<\/strong>. Adem\u00e1s, se participar\u00e1 en eventos como hackathones para promover el uso y la explotaci\u00f3n de los datos de la plataforma.<\/p>\n<\/div>\n<\/div>\n<\/div>\n\n\n\n<div style=\"height:30px\" aria-hidden=\"true\" class=\"wp-block-spacer\"><\/div>\n\n\n\n<div class=\"wp-block-group alignwide has-global-padding is-layout-constrained wp-block-group-is-layout-constrained\">\n<h2 class=\"wp-block-heading has-text-align-center\">Colaboradores<\/h2>\n<\/div>\n\n\n\n<p><\/p>\n","protected":false},"excerpt":{"rendered":"<p>Objetivos del proyecto Heleade busca implementar soluciones de intercambio y explotaci\u00f3n de datos en entornos de alto valor ambiental, centr\u00e1ndose en los Parques Naturales del Sur de Alicante. El objetivo es crear un ecosistema socio-econ\u00f3mico sostenible, donde diversos actores como instituciones, empresas y cient\u00edficos puedan colaborar y compartir datos de manera eficiente. Esto no solo [&hellip;]<\/p>\n","protected":false},"author":1,"featured_media":0,"parent":0,"menu_order":0,"comment_status":"closed","ping_status":"closed","template":"","meta":{"footnotes":""},"class_list":["post-10","page","type-page","status-publish","hentry"],"_links":{"self":[{"href":"https:\/\/heleade.iuii.ua.es\/index.php\/wp-json\/wp\/v2\/pages\/10","targetHints":{"allow":["GET"]}}],"collection":[{"href":"https:\/\/heleade.iuii.ua.es\/index.php\/wp-json\/wp\/v2\/pages"}],"about":[{"href":"https:\/\/heleade.iuii.ua.es\/index.php\/wp-json\/wp\/v2\/types\/page"}],"author":[{"embeddable":true,"href":"https:\/\/heleade.iuii.ua.es\/index.php\/wp-json\/wp\/v2\/users\/1"}],"replies":[{"embeddable":true,"href":"https:\/\/heleade.iuii.ua.es\/index.php\/wp-json\/wp\/v2\/comments?post=10"}],"version-history":[{"count":14,"href":"https:\/\/heleade.iuii.ua.es\/index.php\/wp-json\/wp\/v2\/pages\/10\/revisions"}],"predecessor-version":[{"id":212,"href":"https:\/\/heleade.iuii.ua.es\/index.php\/wp-json\/wp\/v2\/pages\/10\/revisions\/212"}],"wp:attachment":[{"href":"https:\/\/heleade.iuii.ua.es\/index.php\/wp-json\/wp\/v2\/media?parent=10"}],"curies":[{"name":"wp","href":"https:\/\/api.w.org\/{rel}","templated":true}]}}