{"id":67,"date":"2025-09-25T09:25:21","date_gmt":"2025-09-25T09:25:21","guid":{"rendered":"https:\/\/heleade.iuii.ua.es\/?page_id=67"},"modified":"2025-10-03T07:47:43","modified_gmt":"2025-10-03T07:47:43","slug":"caso-1","status":"publish","type":"page","link":"https:\/\/heleade.iuii.ua.es\/index.php\/casos-de-uso\/caso-1\/","title":{"rendered":"caso 1"},"content":{"rendered":"\n<div class=\"wp-block-group alignfull has-global-padding is-layout-constrained wp-container-core-group-is-layout-7aecfd6a wp-block-group-is-layout-constrained\" style=\"margin-top:0;margin-bottom:0;padding-top:0;padding-bottom:0\">\n<h2 class=\"wp-block-heading alignfull has-text-align-center has-accent-2-color has-text-color has-link-color wp-elements-b7db03e657fe04ebc6b911546036e54c\"><strong>Predicci\u00f3n inteligente de sobreexplotaci\u00f3n de recursos<\/strong><\/h2>\n\n\n\n<h3 class=\"wp-block-heading alignwide has-text-align-center\"><strong>Un espacio de datos colaborativo para proteger los humedales del sur de Alicante<\/strong><\/h3>\n\n\n\n<p class=\"has-text-align-center\">Conectamos a agricultores, gestores de agua y autoridades para prevenir la degradaci\u00f3n ambiental y asegurar la sostenibilidad econ\u00f3mica del sector agr\u00edcola.<\/p>\n\n\n\n<div class=\"wp-block-buttons is-content-justification-center is-layout-flex wp-container-core-buttons-is-layout-a89b3969 wp-block-buttons-is-layout-flex\">\n<div class=\"wp-block-button scale\"><a class=\"wp-block-button__link has-gradient-4-gradient-background has-background has-text-align-center wp-element-button\" href=\"https:\/\/heleade.iuii.ua.es\/index.php\/casos-de-uso\/caso-1\/#solution\" style=\"border-radius:15px\">Explora nuestra soluci\u00f3n -&gt;<\/a><\/div>\n<\/div>\n<\/div>\n\n\n\n<div class=\"wp-block-group alignwide has-global-padding is-layout-constrained wp-block-group-is-layout-constrained\">\n<div style=\"height:30px\" aria-hidden=\"true\" class=\"wp-block-spacer\"><\/div>\n\n\n\n<div class=\"wp-block-group alignwide row-responsive-reverse is-content-justification-space-between is-nowrap is-layout-flex wp-container-core-group-is-layout-cb46ffcb wp-block-group-is-layout-flex\">\n<div class=\"wp-block-group alignwide has-global-padding is-layout-constrained wp-container-core-group-is-layout-c573a194 wp-block-group-is-layout-constrained\" style=\"border-radius:15px;border-left-color:#ff9e3c;border-left-width:3px;margin-top:0;margin-bottom:0;padding-top:var(--wp--preset--spacing--20);padding-right:var(--wp--preset--spacing--20);padding-bottom:var(--wp--preset--spacing--20);padding-left:var(--wp--preset--spacing--20);box-shadow:none\">\n<h2 class=\"wp-block-heading has-text-align-left has-text-color has-link-color wp-elements-de0467bd25f06be0ed702d4f61feb674\" style=\"color:#d98f4c\"><strong>Humedales cr\u00edticos en peligro<\/strong><\/h2>\n\n\n\n<p class=\"has-text-align-left\">Joyas naturales como el <strong>Mar menor<\/strong>, <strong>Do\u00f1ana<\/strong> y <strong>Las tablas de Daimiel est\u00e1n en crisis.<\/strong><\/p>\n\n\n\n<p class=\"has-text-align-left\">La <strong>sobreexplotaci\u00f3n de acu\u00edferos<\/strong> y la <strong>contaminaci\u00f3n por vertidos<\/strong> est\u00e1n causando una degradaci\u00f3n severa de ecosistemas vitales.<\/p>\n\n\n\n<p class=\"has-text-align-left\">El obstaculo principal es la <strong>falta de coordinaci\u00f3n y datos compartidos<\/strong> entre los actores clave, impidiendo tomar medidas preventivas y efectivas a tiempo.<\/p>\n<\/div>\n\n\n\n<figure class=\"wp-block-image size-full is-resized has-custom-border\"><img fetchpriority=\"high\" decoding=\"async\" width=\"1000\" height=\"667\" src=\"https:\/\/heleade.iuii.ua.es\/wp-content\/uploads\/2025\/09\/3830.jpg\" alt=\"\" class=\"wp-image-165\" style=\"border-radius:20px;box-shadow:var(--wp--preset--shadow--natural);width:446px;height:auto\" srcset=\"https:\/\/heleade.iuii.ua.es\/wp-content\/uploads\/2025\/09\/3830.jpg 1000w, https:\/\/heleade.iuii.ua.es\/wp-content\/uploads\/2025\/09\/3830-300x200.jpg 300w, https:\/\/heleade.iuii.ua.es\/wp-content\/uploads\/2025\/09\/3830-768x512.jpg 768w\" sizes=\"(max-width: 1000px) 100vw, 1000px\" \/><\/figure>\n<\/div>\n\n\n\n<div style=\"height:30px\" aria-hidden=\"true\" class=\"wp-block-spacer\"><\/div>\n\n\n\n<div class=\"wp-block-group alignwide has-global-padding is-layout-constrained wp-container-core-group-is-layout-9189de62 wp-block-group-is-layout-constrained\" id=\"solution\" style=\"border-radius:0px;border-top-color:var(--wp--preset--color--contrast-3);border-top-width:1px;padding-top:var(--wp--preset--spacing--30);padding-right:var(--wp--preset--spacing--30);padding-bottom:0;padding-left:var(--wp--preset--spacing--30);box-shadow:none\">\n<h2 class=\"wp-block-heading has-text-align-center\" id=\"solution-data\"><strong>Datos clave y actores esenciales<\/strong><\/h2>\n\n\n\n<p class=\"has-text-align-center\">La colaboraci\u00f3n es la base. Nuestro espacio de datos une a proveedores y consumidores de informaci\u00f3n crucial para la cuenca hidrogr\u00e1fica.<\/p>\n\n\n\n<div class=\"wp-block-group alignfull row-responsive is-content-justification-space-between is-nowrap is-layout-flex wp-container-core-group-is-layout-d310fe9d wp-block-group-is-layout-flex\" style=\"padding-top:var(--wp--preset--spacing--10);padding-right:0;padding-bottom:var(--wp--preset--spacing--10);padding-left:0\">\n<div class=\"wp-block-group grupo-hover has-base-2-background-color has-background wp-container-content-69bc4bdf has-global-padding is-layout-constrained wp-container-core-group-is-layout-594587f7 wp-block-group-is-layout-constrained\" style=\"border-radius:30px;border-top-color:var(--wp--preset--color--accent-2);border-top-width:3px;padding-top:var(--wp--preset--spacing--20);padding-right:var(--wp--preset--spacing--30);padding-bottom:var(--wp--preset--spacing--20);padding-left:var(--wp--preset--spacing--30);box-shadow:var(--wp--preset--shadow--natural)\">\n<h4 class=\"wp-block-heading has-text-align-left has-contrast-color has-text-color has-link-color wp-elements-919f1490a856ad4bbdf476f0b0de67d1\">Proveedores de datos<\/h4>\n\n\n\n<p class=\"has-text-align-left\">Los datos se proveer\u00e1n de las <strong>comunidades de regantes<\/strong>, las <strong>confederaci\u00f3n hidrogr\u00e1ficas<\/strong>, las <strong>plantas de tratamiento de residuos<\/strong>, los <strong>predios agr\u00edcolas<\/strong> y las entidades de <strong>protecci\u00f3n de la biodiversidad<\/strong><\/p>\n<\/div>\n\n\n\n<div class=\"wp-block-group has-base-2-background-color has-background wp-container-content-69bc4bdf has-global-padding is-layout-constrained wp-container-core-group-is-layout-f63238f3 wp-block-group-is-layout-constrained\" style=\"border-radius:30px;border-top-color:var(--wp--preset--color--accent-2);border-top-width:3px;margin-top:0;margin-bottom:0;padding-top:var(--wp--preset--spacing--20);padding-right:var(--wp--preset--spacing--30);padding-bottom:var(--wp--preset--spacing--20);padding-left:var(--wp--preset--spacing--30);box-shadow:var(--wp--preset--shadow--natural)\">\n<h4 class=\"wp-block-heading has-text-align-left\">Datos a consumir<\/h4>\n\n\n\n<p class=\"has-text-align-left\">Los datos consumidos por los <strong>gestores de ANPs<\/strong> proveen informaci\u00f3n sobre los recursos h\u00eddricos, la distribuci\u00f3n del agua, la calidad del agua, los n\u00edveles acu\u00edferos y la gesti\u00f3n de residuos agr\u00edcolas y su tratamiento<\/p>\n<\/div>\n<\/div>\n<\/div>\n<\/div>\n\n\n\n<div style=\"height:30px\" aria-hidden=\"true\" class=\"wp-block-spacer\"><\/div>\n\n\n\n<div class=\"wp-block-buttons alignwide is-content-justification-right is-layout-flex wp-container-core-buttons-is-layout-d445cf74 wp-block-buttons-is-layout-flex\">\n<div class=\"wp-block-button scale\"><a class=\"wp-block-button__link has-accent-2-background-color has-background wp-element-button\" href=\"https:\/\/heleade.iuii.ua.es\/index.php\/casos-de-uso\/caso-2\/\" style=\"border-radius:15px\">Siguiente -&gt;<\/a><\/div>\n<\/div>\n","protected":false},"excerpt":{"rendered":"<p>Predicci\u00f3n inteligente de sobreexplotaci\u00f3n de recursos Un espacio de datos colaborativo para proteger los humedales del sur de Alicante Conectamos a agricultores, gestores de agua y autoridades para prevenir la degradaci\u00f3n ambiental y asegurar la sostenibilidad econ\u00f3mica del sector agr\u00edcola. Humedales cr\u00edticos en peligro Joyas naturales como el Mar menor, Do\u00f1ana y Las tablas de [&hellip;]<\/p>\n","protected":false},"author":1,"featured_media":0,"parent":15,"menu_order":0,"comment_status":"closed","ping_status":"closed","template":"","meta":{"footnotes":""},"class_list":["post-67","page","type-page","status-publish","hentry"],"_links":{"self":[{"href":"https:\/\/heleade.iuii.ua.es\/index.php\/wp-json\/wp\/v2\/pages\/67","targetHints":{"allow":["GET"]}}],"collection":[{"href":"https:\/\/heleade.iuii.ua.es\/index.php\/wp-json\/wp\/v2\/pages"}],"about":[{"href":"https:\/\/heleade.iuii.ua.es\/index.php\/wp-json\/wp\/v2\/types\/page"}],"author":[{"embeddable":true,"href":"https:\/\/heleade.iuii.ua.es\/index.php\/wp-json\/wp\/v2\/users\/1"}],"replies":[{"embeddable":true,"href":"https:\/\/heleade.iuii.ua.es\/index.php\/wp-json\/wp\/v2\/comments?post=67"}],"version-history":[{"count":16,"href":"https:\/\/heleade.iuii.ua.es\/index.php\/wp-json\/wp\/v2\/pages\/67\/revisions"}],"predecessor-version":[{"id":214,"href":"https:\/\/heleade.iuii.ua.es\/index.php\/wp-json\/wp\/v2\/pages\/67\/revisions\/214"}],"up":[{"embeddable":true,"href":"https:\/\/heleade.iuii.ua.es\/index.php\/wp-json\/wp\/v2\/pages\/15"}],"wp:attachment":[{"href":"https:\/\/heleade.iuii.ua.es\/index.php\/wp-json\/wp\/v2\/media?parent=67"}],"curies":[{"name":"wp","href":"https:\/\/api.w.org\/{rel}","templated":true}]}}