{"id":72,"date":"2025-09-25T09:26:07","date_gmt":"2025-09-25T09:26:07","guid":{"rendered":"https:\/\/heleade.iuii.ua.es\/?page_id=72"},"modified":"2025-10-03T07:55:29","modified_gmt":"2025-10-03T07:55:29","slug":"caso-3","status":"publish","type":"page","link":"https:\/\/heleade.iuii.ua.es\/index.php\/casos-de-uso\/caso-3\/","title":{"rendered":"caso 3"},"content":{"rendered":"\n<div class=\"wp-block-group alignwide has-global-padding is-layout-constrained wp-block-group-is-layout-constrained\">\n<div class=\"wp-block-group alignwide has-global-padding is-layout-constrained wp-block-group-is-layout-constrained\">\n<h2 class=\"wp-block-heading alignwide has-text-align-center has-accent-5-color has-text-color has-link-color wp-elements-9fc6ffea773511e5cd038dcea87fceae\"><strong>Apoyo ante eventos clim\u00e1ticos<\/strong><\/h2>\n\n\n\n<h3 class=\"wp-block-heading alignwide has-text-align-center\">Unimos la red de datos meteorol\u00f3gicos con la informaci\u00f3n del sector para facilitar tus reclamaciones de seguros<\/h3>\n\n\n\n<div class=\"wp-block-buttons is-content-justification-center is-layout-flex wp-container-core-buttons-is-layout-a89b3969 wp-block-buttons-is-layout-flex\">\n<div class=\"wp-block-button scale\"><a class=\"wp-block-button__link has-accent-5-background-color has-background wp-element-button\" href=\"https:\/\/heleade.iuii.ua.es\/index.php\/casos-de-uso\/caso-3\/#participants\" style=\"border-radius:15px\">Nuestros participantes -&gt;<\/a><\/div>\n<\/div>\n<\/div>\n\n\n\n<div style=\"height:50px\" aria-hidden=\"true\" class=\"wp-block-spacer\"><\/div>\n\n\n\n<div class=\"wp-block-group alignwide row-responsive is-content-justification-space-between is-nowrap is-layout-flex wp-container-core-group-is-layout-d352baab wp-block-group-is-layout-flex\" style=\"border-radius:15px;border-right-color:var(--wp--preset--color--accent-2);border-right-width:5px;border-left-color:#ffd147;border-left-width:5px;margin-bottom:var(--wp--preset--spacing--20);padding-top:0;padding-bottom:0\">\n<div class=\"wp-block-group alignwide has-global-padding is-content-justification-left is-layout-constrained wp-container-core-group-is-layout-21635681 wp-block-group-is-layout-constrained\" style=\"border-radius:15px;padding-top:var(--wp--preset--spacing--20);padding-right:var(--wp--preset--spacing--30);padding-bottom:var(--wp--preset--spacing--20);padding-left:var(--wp--preset--spacing--30)\">\n<h3 class=\"wp-block-heading has-text-align-left has-large-font-size\"><strong>Datos incompletos en momentos cr\u00edticos<\/strong><\/h3>\n\n\n\n<p class=\"has-text-align-left\">Cuando un <strong>evento clim\u00e1tico extremo<\/strong> (vientos, inundaciones, etc) da\u00f1a tu cosecha o infraestructura, las aseguradoras exigen informes detallados y precisos de la zona afectada.<\/p>\n\n\n\n<p class=\"has-text-align-left\">A menudo, la <strong>red de estaciones de AEMET<\/strong> es insuficiente para cubrir la totalidad del territorio, dejando a<strong> tu sector sin el respaldo necesario para una reclamaci\u00f3n exitosa<\/strong>. Esto se traduce en <strong>p\u00e9rdidas econ\u00f3micas significativas<\/strong><\/p>\n<\/div>\n\n\n\n<div class=\"wp-block-group has-global-padding is-layout-constrained wp-container-core-group-is-layout-594587f7 wp-block-group-is-layout-constrained\" style=\"padding-top:var(--wp--preset--spacing--20);padding-right:var(--wp--preset--spacing--30);padding-bottom:var(--wp--preset--spacing--20);padding-left:var(--wp--preset--spacing--30)\">\n<h4 class=\"wp-block-heading has-text-align-right\"><strong>Nuestra soluci\u00f3n<\/strong><\/h4>\n\n\n\n<p class=\"has-text-align-right\">Las <strong>asociaciones de meteorolog\u00eda<\/strong> disponen de una red de estaciones mucho<strong> m\u00e1s densa en ciertos territorios<\/strong><\/p>\n\n\n\n<p class=\"has-text-align-right\">Nos ayudar\u00e1 a recopilar muchos m\u00e1s datos en las que se puedan apoyar las reclamaciones contra las aseguradoras<\/p>\n<\/div>\n<\/div>\n\n\n\n<hr class=\"wp-block-separator alignwide has-text-color has-contrast-3-color has-alpha-channel-opacity has-contrast-3-background-color has-background\" style=\"margin-top:var(--wp--preset--spacing--30);margin-bottom:var(--wp--preset--spacing--30)\"\/>\n\n\n\n<div class=\"wp-block-group alignwide has-global-padding is-layout-constrained wp-container-core-group-is-layout-fc3cfcd7 wp-block-group-is-layout-constrained\" style=\"padding-top:0;padding-right:0;padding-bottom:0;padding-left:0\">\n<h3 class=\"wp-block-heading alignwide has-text-align-center has-accent-5-color has-text-color has-link-color wp-elements-ee70989c90c994639479d67eeef32199\"><strong>Un espacio de datos territorializado<\/strong><\/h3>\n\n\n\n<p class=\"has-text-align-center\">Utilizamos un espacio de datos dise\u00f1ado para proporcionar la informaci\u00f3n necesaria a las aseguradoras<\/p>\n\n\n\n<div class=\"wp-block-group alignwide row-responsive is-content-justification-space-between is-nowrap is-layout-flex wp-container-core-group-is-layout-d688d9ac wp-block-group-is-layout-flex\" style=\"margin-top:var(--wp--preset--spacing--20);margin-bottom:var(--wp--preset--spacing--20)\">\n<div class=\"wp-block-group has-background has-global-padding is-layout-constrained wp-container-core-group-is-layout-594587f7 wp-block-group-is-layout-constrained\" style=\"border-radius:30px;border-top-color:var(--wp--preset--color--accent-2);border-top-width:3px;background-color:#ffffff;padding-top:var(--wp--preset--spacing--20);padding-right:var(--wp--preset--spacing--30);padding-bottom:var(--wp--preset--spacing--20);padding-left:var(--wp--preset--spacing--30);box-shadow:var(--wp--preset--shadow--natural)\">\n<h4 class=\"wp-block-heading has-text-align-left\"><strong>An\u00e1lisis inteligente<\/strong><\/h4>\n\n\n\n<p class=\"has-medium-font-size\">Comparamos la informaci\u00f3n de eventos clim\u00e1ticos con los datos de la producci\u00f3n agr\u00edcola y los ciclos de trabajo de la industria salinera.<\/p>\n<\/div>\n\n\n\n<div class=\"wp-block-group has-background has-global-padding is-layout-constrained wp-container-core-group-is-layout-f8cf64c0 wp-block-group-is-layout-constrained\" style=\"border-radius:30px;border-top-color:var(--wp--preset--color--accent-2);border-top-width:3px;background-color:#ffffff;padding-top:var(--wp--preset--spacing--20);padding-right:var(--wp--preset--spacing--30);padding-bottom:var(--wp--preset--spacing--20);padding-left:var(--wp--preset--spacing--30);box-shadow:var(--wp--preset--shadow--natural)\">\n<h4 class=\"wp-block-heading has-text-align-left\"><strong>Informes detallados<\/strong><\/h4>\n\n\n\n<p class=\"has-medium-font-size\">Los datos verificados facilitan la generaci\u00f3n de informes, cruciales para respaldar tu reclamaci\u00f3n y agilizar el proceso de compensaci\u00f3n.<\/p>\n<\/div>\n<\/div>\n\n\n\n<div class=\"wp-block-group has-global-padding is-layout-constrained wp-container-core-group-is-layout-6c2b9aa8 wp-block-group-is-layout-constrained\" style=\"border-radius:30px;margin-top:var(--wp--preset--spacing--40);padding-top:0;padding-right:0;padding-bottom:0;padding-left:0\">\n<div class=\"wp-block-group has-base-2-background-color has-background has-global-padding is-layout-constrained wp-container-core-group-is-layout-594587f7 wp-block-group-is-layout-constrained\" style=\"border-radius:30px;border-top-color:var(--wp--preset--color--accent-5);border-top-width:3px;padding-top:var(--wp--preset--spacing--20);padding-right:var(--wp--preset--spacing--30);padding-bottom:var(--wp--preset--spacing--20);padding-left:var(--wp--preset--spacing--30);box-shadow:var(--wp--preset--shadow--natural)\">\n<h4 class=\"wp-block-heading has-text-align-left\"><strong>Datos meteor\u00f3logicos de alta precision<\/strong><\/h4>\n\n\n\n<p>Asociaciones como <strong>Proyecto Mastral<\/strong> comparten sus datos de estaciones meteor\u00f3logicas, que son mucho m\u00e1s densas y localizadas.<\/p>\n\n\n\n<p>Uso de un espacio de datos para el sector agr\u00edcola con el que obtener informaci\u00f3n detallada sobre los periodos cr\u00edticos de crecimiento.<\/p>\n<\/div>\n<\/div>\n<\/div>\n\n\n\n<hr class=\"wp-block-separator alignwide has-text-color has-contrast-3-color has-alpha-channel-opacity has-contrast-3-background-color has-background is-style-default\" style=\"margin-top:var(--wp--preset--spacing--30);margin-bottom:var(--wp--preset--spacing--30)\"\/>\n\n\n\n<div class=\"wp-block-group alignwide participants has-base-2-background-color has-background has-global-padding is-layout-constrained wp-container-core-group-is-layout-b5fc8583 wp-block-group-is-layout-constrained\" style=\"border-radius:30px;padding-top:var(--wp--preset--spacing--30);padding-right:var(--wp--preset--spacing--30);padding-bottom:var(--wp--preset--spacing--30);padding-left:var(--wp--preset--spacing--30);box-shadow:var(--wp--preset--shadow--natural)\">\n<h3 class=\"wp-block-heading alignwide has-text-align-center\"><strong>Participantes del espacio de datos<\/strong><\/h3>\n\n\n\n<figure class=\"wp-block-table alignwide is-style-stripes has-medium-font-size\" style=\"padding-top:0;padding-bottom:0\"><table class=\"has-base-2-background-color has-background has-fixed-layout\"><thead><tr><th class=\"has-text-align-left\" data-align=\"left\">Actor<\/th><th class=\"has-text-align-left\" data-align=\"left\">Rol<\/th><th class=\"has-text-align-left\" data-align=\"left\">Datos que provee\/consume<\/th><\/tr><\/thead><tbody><tr><td class=\"has-text-align-left\" data-align=\"left\">Proyecto Mastral<\/td><td class=\"has-text-align-left\" data-align=\"left\">Proveedor de datos<\/td><td class=\"has-text-align-left\" data-align=\"left\">Eventos clim\u00e1ticos<\/td><\/tr><tr><td class=\"has-text-align-left\" data-align=\"left\">Industria salinera<\/td><td class=\"has-text-align-left\" data-align=\"left\">Consumidor de datos<\/td><td class=\"has-text-align-left\" data-align=\"left\">Producci\u00f3n de las empresas del sector econ\u00f3mico<\/td><\/tr><tr><td class=\"has-text-align-left\" data-align=\"left\">Sector agr\u00edcola<\/td><td class=\"has-text-align-left\" data-align=\"left\">Consumidor de datos<\/td><td class=\"has-text-align-left\" data-align=\"left\">Producci\u00f3n de las empresas del sector econ\u00f3mico<\/td><\/tr><\/tbody><\/table><\/figure>\n<\/div>\n<\/div>\n\n\n\n<div style=\"height:30px\" aria-hidden=\"true\" class=\"wp-block-spacer\"><\/div>\n\n\n\n<div class=\"wp-block-buttons alignwide is-content-justification-left is-layout-flex wp-container-core-buttons-is-layout-fc4fd283 wp-block-buttons-is-layout-flex\">\n<div class=\"wp-block-button scale\"><a class=\"wp-block-button__link has-accent-2-background-color has-background wp-element-button\" href=\"https:\/\/heleade.iuii.ua.es\/index.php\/casos-de-uso\/caso-2\/\" style=\"border-radius:15px\">&lt;- Anterior<\/a><\/div>\n<\/div>\n","protected":false},"excerpt":{"rendered":"<p>Apoyo ante eventos clim\u00e1ticos Unimos la red de datos meteorol\u00f3gicos con la informaci\u00f3n del sector para facilitar tus reclamaciones de seguros Datos incompletos en momentos cr\u00edticos Cuando un evento clim\u00e1tico extremo (vientos, inundaciones, etc) da\u00f1a tu cosecha o infraestructura, las aseguradoras exigen informes detallados y precisos de la zona afectada. A menudo, la red de [&hellip;]<\/p>\n","protected":false},"author":1,"featured_media":0,"parent":15,"menu_order":0,"comment_status":"closed","ping_status":"closed","template":"","meta":{"footnotes":""},"class_list":["post-72","page","type-page","status-publish","hentry"],"_links":{"self":[{"href":"https:\/\/heleade.iuii.ua.es\/index.php\/wp-json\/wp\/v2\/pages\/72","targetHints":{"allow":["GET"]}}],"collection":[{"href":"https:\/\/heleade.iuii.ua.es\/index.php\/wp-json\/wp\/v2\/pages"}],"about":[{"href":"https:\/\/heleade.iuii.ua.es\/index.php\/wp-json\/wp\/v2\/types\/page"}],"author":[{"embeddable":true,"href":"https:\/\/heleade.iuii.ua.es\/index.php\/wp-json\/wp\/v2\/users\/1"}],"replies":[{"embeddable":true,"href":"https:\/\/heleade.iuii.ua.es\/index.php\/wp-json\/wp\/v2\/comments?post=72"}],"version-history":[{"count":11,"href":"https:\/\/heleade.iuii.ua.es\/index.php\/wp-json\/wp\/v2\/pages\/72\/revisions"}],"predecessor-version":[{"id":218,"href":"https:\/\/heleade.iuii.ua.es\/index.php\/wp-json\/wp\/v2\/pages\/72\/revisions\/218"}],"up":[{"embeddable":true,"href":"https:\/\/heleade.iuii.ua.es\/index.php\/wp-json\/wp\/v2\/pages\/15"}],"wp:attachment":[{"href":"https:\/\/heleade.iuii.ua.es\/index.php\/wp-json\/wp\/v2\/media?parent=72"}],"curies":[{"name":"wp","href":"https:\/\/api.w.org\/{rel}","templated":true}]}}