{"id":86,"date":"2025-09-26T09:11:32","date_gmt":"2025-09-26T09:11:32","guid":{"rendered":"https:\/\/heleade.iuii.ua.es\/?page_id=86"},"modified":"2026-02-13T08:39:53","modified_gmt":"2026-02-13T08:39:53","slug":"home","status":"publish","type":"page","link":"https:\/\/heleade.iuii.ua.es\/","title":{"rendered":"Home"},"content":{"rendered":"\n<div class=\"wp-block-group alignwide has-global-padding is-layout-constrained wp-block-group-is-layout-constrained\">\n<div class=\"wp-block-group alignwide row-responsive-reverse is-content-justification-space-between is-nowrap is-layout-flex wp-container-core-group-is-layout-cb46ffcb wp-block-group-is-layout-flex\">\n<div class=\"wp-block-group has-global-padding is-layout-constrained wp-container-core-group-is-layout-cc5218b1 wp-block-group-is-layout-constrained\" style=\"border-radius:15px;border-left-color:#d94c7e;border-left-width:5px;padding-top:var(--wp--preset--spacing--20);padding-right:var(--wp--preset--spacing--30);padding-bottom:var(--wp--preset--spacing--20);padding-left:var(--wp--preset--spacing--30)\">\n<h2 class=\"wp-block-heading has-x-large-font-size\"><strong>Heleade: Impulsando una econom\u00eda sostenible<\/strong><\/h2>\n\n\n\n<h4 class=\"wp-block-heading has-medium-font-size\">En el coraz\u00f3n de la econom\u00eda, donde los datos se convierten en el motor del cambio, <strong>Heleade<\/strong> ha nacido para crear un futuro m\u00e1s sostenible.<\/h4>\n\n\n\n<div class=\"wp-block-buttons is-layout-flex wp-block-buttons-is-layout-flex\">\n<div class=\"wp-block-button scale\"><a class=\"wp-block-button__link has-contrast-color has-accent-background-color has-text-color has-background has-link-color wp-element-button\" href=\"https:\/\/dataspace.heleade.iuii.ua.es\" style=\"border-radius:10px\">Visita HELEADE -&gt;<\/a><\/div>\n<\/div>\n<\/div>\n\n\n\n<figure class=\"wp-block-image size-full is-resized has-custom-border\"><img fetchpriority=\"high\" decoding=\"async\" width=\"2560\" height=\"1707\" src=\"https:\/\/heleade.iuii.ua.es\/wp-content\/uploads\/2025\/09\/6283446_3230823-scaled.jpg\" alt=\"\" class=\"wp-image-148\" style=\"border-radius:14px;box-shadow:var(--wp--preset--shadow--natural);width:518px;height:auto\" srcset=\"https:\/\/heleade.iuii.ua.es\/wp-content\/uploads\/2025\/09\/6283446_3230823-scaled.jpg 2560w, https:\/\/heleade.iuii.ua.es\/wp-content\/uploads\/2025\/09\/6283446_3230823-300x200.jpg 300w, https:\/\/heleade.iuii.ua.es\/wp-content\/uploads\/2025\/09\/6283446_3230823-1024x683.jpg 1024w, https:\/\/heleade.iuii.ua.es\/wp-content\/uploads\/2025\/09\/6283446_3230823-768x512.jpg 768w, https:\/\/heleade.iuii.ua.es\/wp-content\/uploads\/2025\/09\/6283446_3230823-1536x1024.jpg 1536w, https:\/\/heleade.iuii.ua.es\/wp-content\/uploads\/2025\/09\/6283446_3230823-2048x1365.jpg 2048w\" sizes=\"(max-width: 2560px) 100vw, 2560px\" \/><\/figure>\n<\/div>\n\n\n\n<div style=\"height:30px\" aria-hidden=\"true\" class=\"wp-block-spacer\"><\/div>\n\n\n\n<div class=\"wp-block-group alignwide has-global-padding is-layout-constrained wp-block-group-is-layout-constrained\">\n<div class=\"wp-block-group alignwide row-responsive is-content-justification-space-between is-nowrap is-layout-flex wp-container-core-group-is-layout-ef5161cd wp-block-group-is-layout-flex\" style=\"padding-top:var(--wp--preset--spacing--20);padding-right:0;padding-bottom:var(--wp--preset--spacing--20);padding-left:0\">\n<div class=\"wp-block-group has-base-2-background-color has-background has-global-padding is-layout-constrained wp-container-core-group-is-layout-b5fc8583 wp-block-group-is-layout-constrained\" style=\"border-radius:30px;border-top-color:var(--wp--preset--color--accent-2);border-top-width:3px;padding-top:var(--wp--preset--spacing--30);padding-right:var(--wp--preset--spacing--30);padding-bottom:var(--wp--preset--spacing--30);padding-left:var(--wp--preset--spacing--30);box-shadow:var(--wp--preset--shadow--natural)\">\n<h3 class=\"wp-block-heading has-text-align-left\" style=\"font-size:clamp(0.984rem, 0.984rem + ((1vw - 0.2rem) * 0.86), 1.5rem);\"><strong>Mejora de la calidad de vida<\/strong><\/h3>\n\n\n\n<p class=\"has-text-align-left has-medium-font-size\">Al ofrecer informaci\u00f3n detallada y actualizada sobre los recursos naturales y la biodiversidad, el espacio de datos permitir\u00e1 a los actores del territorio tomar decisiones que incrementen la satisfacci\u00f3n y el bienestar de los ciudadanos.<\/p>\n<\/div>\n\n\n\n<div class=\"wp-block-group has-base-2-background-color has-background has-global-padding is-layout-constrained wp-container-core-group-is-layout-b5fc8583 wp-block-group-is-layout-constrained\" style=\"border-radius:30px;border-top-color:var(--wp--preset--color--accent);border-top-width:3px;padding-top:var(--wp--preset--spacing--30);padding-right:var(--wp--preset--spacing--30);padding-bottom:var(--wp--preset--spacing--30);padding-left:var(--wp--preset--spacing--30);box-shadow:var(--wp--preset--shadow--natural)\">\n<h3 class=\"wp-block-heading has-text-align-left\" style=\"font-size:clamp(0.984rem, 0.984rem + ((1vw - 0.2rem) * 0.86), 1.5rem);\"><strong>Fomento de la innovaci\u00f3n<\/strong><\/h3>\n\n\n\n<p class=\"has-text-align-left has-medium-font-size\">La mayor comprensi\u00f3n del entorno, el uso de tecnolog\u00edas inteligentes y el an\u00e1lisis de datos fomentar\u00e1n la innovaci\u00f3n en las empresas de la regi\u00f3n, ayud\u00e1ndolas a crear productos y servicios personalizados y m\u00e1s eficientes.<\/p>\n<\/div>\n<\/div>\n\n\n\n<div class=\"wp-block-group alignwide row-responsive is-content-justification-space-between is-nowrap is-layout-flex wp-container-core-group-is-layout-ef5161cd wp-block-group-is-layout-flex\" style=\"padding-top:var(--wp--preset--spacing--20);padding-right:0;padding-bottom:var(--wp--preset--spacing--20);padding-left:0\">\n<div class=\"wp-block-group has-base-2-background-color has-background wp-container-content-69bc4bdf has-global-padding is-layout-constrained wp-container-core-group-is-layout-b5fc8583 wp-block-group-is-layout-constrained\" style=\"border-radius:30px;border-top-color:var(--wp--preset--color--accent-2);border-top-width:3px;padding-top:var(--wp--preset--spacing--30);padding-right:var(--wp--preset--spacing--30);padding-bottom:var(--wp--preset--spacing--30);padding-left:var(--wp--preset--spacing--30);box-shadow:var(--wp--preset--shadow--natural)\">\n<h3 class=\"wp-block-heading has-text-align-left\" style=\"font-size:clamp(0.984rem, 0.984rem + ((1vw - 0.2rem) * 0.86), 1.5rem);\"><strong>Actividades econ\u00f3micas sostenibles<\/strong><\/h3>\n\n\n\n<p class=\"has-text-align-left has-medium-font-size\">Datos cruciales para la toma de decisiones informadas, permitir\u00e1 maximizar los beneficios sociales y econ\u00f3micos mientras se minimizan los impactos negativos en el medio ambiente y la cultura local.<\/p>\n<\/div>\n\n\n\n<div class=\"wp-block-group has-base-2-background-color has-background has-global-padding is-layout-constrained wp-container-core-group-is-layout-b5fc8583 wp-block-group-is-layout-constrained\" style=\"border-radius:30px;border-top-color:var(--wp--preset--color--accent);border-top-width:3px;padding-top:var(--wp--preset--spacing--30);padding-right:var(--wp--preset--spacing--30);padding-bottom:var(--wp--preset--spacing--30);padding-left:var(--wp--preset--spacing--30);box-shadow:var(--wp--preset--shadow--natural)\">\n<h3 class=\"wp-block-heading has-text-align-left\" style=\"font-size:clamp(0.984rem, 0.984rem + ((1vw - 0.2rem) * 0.86), 1.5rem);\"><strong>Oportunidades de inversi\u00f3n<\/strong><\/h3>\n\n\n\n<p class=\"has-text-align-left has-medium-font-size\">La transparencia y la fiabilidad que genera un espacio de datos socio-ambiental aumentar\u00e1n la confianza en la industria del territorio, atrayendo a organizaciones e inversores que buscan oportunidades de alto impacto en proyectos sostenibles.<\/p>\n<\/div>\n<\/div>\n<\/div>\n<\/div>\n\n\n\n<p><\/p>\n","protected":false},"excerpt":{"rendered":"<p>Heleade: Impulsando una econom\u00eda sostenible En el coraz\u00f3n de la econom\u00eda, donde los datos se convierten en el motor del cambio, Heleade ha nacido para crear un futuro m\u00e1s sostenible. Mejora de la calidad de vida Al ofrecer informaci\u00f3n detallada y actualizada sobre los recursos naturales y la biodiversidad, el espacio de datos permitir\u00e1 a [&hellip;]<\/p>\n","protected":false},"author":1,"featured_media":0,"parent":0,"menu_order":0,"comment_status":"closed","ping_status":"closed","template":"","meta":{"footnotes":""},"class_list":["post-86","page","type-page","status-publish","hentry"],"_links":{"self":[{"href":"https:\/\/heleade.iuii.ua.es\/index.php\/wp-json\/wp\/v2\/pages\/86","targetHints":{"allow":["GET"]}}],"collection":[{"href":"https:\/\/heleade.iuii.ua.es\/index.php\/wp-json\/wp\/v2\/pages"}],"about":[{"href":"https:\/\/heleade.iuii.ua.es\/index.php\/wp-json\/wp\/v2\/types\/page"}],"author":[{"embeddable":true,"href":"https:\/\/heleade.iuii.ua.es\/index.php\/wp-json\/wp\/v2\/users\/1"}],"replies":[{"embeddable":true,"href":"https:\/\/heleade.iuii.ua.es\/index.php\/wp-json\/wp\/v2\/comments?post=86"}],"version-history":[{"count":17,"href":"https:\/\/heleade.iuii.ua.es\/index.php\/wp-json\/wp\/v2\/pages\/86\/revisions"}],"predecessor-version":[{"id":258,"href":"https:\/\/heleade.iuii.ua.es\/index.php\/wp-json\/wp\/v2\/pages\/86\/revisions\/258"}],"wp:attachment":[{"href":"https:\/\/heleade.iuii.ua.es\/index.php\/wp-json\/wp\/v2\/media?parent=86"}],"curies":[{"name":"wp","href":"https:\/\/api.w.org\/{rel}","templated":true}]}}